{"id":2,"date":"2022-04-22T13:44:10","date_gmt":"2022-04-22T13:44:10","guid":{"rendered":"https:\/\/tcsadvogados.com.br\/adv\/?page_id=2"},"modified":"2025-10-31T19:10:48","modified_gmt":"2025-10-31T19:10:48","slug":"oescritorio","status":"publish","type":"page","link":"https:\/\/tcsadvogados.com.br\/adv\/oescritorio\/","title":{"rendered":"O Escrit\u00f3rio"},"content":{"rendered":"\n<div class=\"wp-block-columns is-layout-flex wp-container-core-columns-is-layout-9d6595d7 wp-block-columns-is-layout-flex\">\n<div class=\"wp-block-column is-layout-flow wp-block-column-is-layout-flow\"><\/div>\n<\/div>\n\n\n\n<div class=\"wp-block-columns is-layout-flex wp-container-core-columns-is-layout-9d6595d7 wp-block-columns-is-layout-flex\">\n<div class=\"wp-block-column is-layout-flow wp-block-column-is-layout-flow\">\n<div class=\"wp-block-columns is-layout-flex wp-container-core-columns-is-layout-9d6595d7 wp-block-columns-is-layout-flex\">\n<div class=\"wp-block-column is-layout-flow wp-block-column-is-layout-flow\">\n<figure class=\"wp-block-image size-large\"><img loading=\"lazy\" decoding=\"async\" width=\"1024\" height=\"682\" src=\"https:\/\/tcsadvogados.com.br\/adv\/wp-content\/uploads\/2022\/06\/WhatsApp-Image-2022-06-07-at-18.22.27-1024x682.jpeg\" alt=\"\" class=\"wp-image-374\" srcset=\"https:\/\/tcsadvogados.com.br\/adv\/wp-content\/uploads\/2022\/06\/WhatsApp-Image-2022-06-07-at-18.22.27-1024x682.jpeg 1024w, https:\/\/tcsadvogados.com.br\/adv\/wp-content\/uploads\/2022\/06\/WhatsApp-Image-2022-06-07-at-18.22.27-300x200.jpeg 300w, https:\/\/tcsadvogados.com.br\/adv\/wp-content\/uploads\/2022\/06\/WhatsApp-Image-2022-06-07-at-18.22.27-768x512.jpeg 768w, https:\/\/tcsadvogados.com.br\/adv\/wp-content\/uploads\/2022\/06\/WhatsApp-Image-2022-06-07-at-18.22.27.jpeg 1280w\" sizes=\"auto, (max-width: 1024px) 100vw, 1024px\" \/><figcaption class=\"wp-element-caption\"><strong>Dra. Amanda Cardoso de Aguiar <\/strong>a esquerda ,<strong>Dr. Jo\u00e3o A. S. Filho<\/strong>, <strong>Dr. Jos\u00e9 Antonino de Souza<\/strong> no centro.<\/figcaption><\/figure>\n<\/div>\n\n\n\n<div class=\"wp-block-column is-layout-flow wp-block-column-is-layout-flow\">\n<p>O Escrit\u00f3rio <strong>TCS Advogados<\/strong>, fundado em <strong>2007<\/strong>, \u00e0 \u00e9poca, pelos advogados <strong>Dr. Jo\u00e3o A. S. Filho, Dr. \u00cannio&nbsp;Thomas&nbsp;e Dr. Jos\u00e9 Roberto de Carvalho, <\/strong>atua nas mais diversas \u00e1reas do direito, especialmente, nas \u00e1reas: <strong>Previdenci\u00e1ria, Familia, Sa\u00fade, Trabalhista, Tr\u00e2nsito, Imobili\u00e1ria, Consumidor etc., h\u00e1 mais de 17&nbsp; ANOS.&nbsp;&nbsp;&nbsp;&nbsp;<\/strong><\/p>\n\n\n\n<p>Localizado na <strong>Vila Mariana, bairro tradicional da cidade de S\u00e3o Paulo<\/strong>, o <strong>escrit\u00f3rio TCS Advogados<\/strong> est\u00e1 sempre buscando o melhor resultado para seus clientes, com <strong>excel\u00eancia, rapidez e efici\u00eancia.<\/strong><\/p>\n\n\n\n<p>Atualmente, trabalham no escrit\u00f3rio os advogados<strong>&nbsp; Dr. Jo\u00e3o A. S. Filho, Dr. Jos\u00e9 Antonino de Souza,&nbsp; Dr. Waldemar Chinen&nbsp; e a Dra. Amanda Cardoso de Aguiar.<\/strong><\/p>\n<\/div>\n<\/div>\n<\/div>\n<\/div>\n\n\n\n<div class=\"wp-block-columns is-layout-flex wp-container-core-columns-is-layout-9d6595d7 wp-block-columns-is-layout-flex\">\n<div class=\"wp-block-column is-layout-flow wp-block-column-is-layout-flow\">\n<div class=\"wp-block-columns is-layout-flex wp-container-core-columns-is-layout-9d6595d7 wp-block-columns-is-layout-flex\">\n<div class=\"wp-block-column is-layout-flow wp-block-column-is-layout-flow\"><div class=\"wp-block-image\">\n<figure class=\"aligncenter size-full is-resized\"><img loading=\"lazy\" decoding=\"async\" width=\"500\" height=\"500\" src=\"https:\/\/tcsadvogados.com.br\/adv\/wp-content\/uploads\/2022\/07\/Design-sem-nome.png\" alt=\"\" class=\"wp-image-522\" style=\"width:354px;height:354px\" srcset=\"https:\/\/tcsadvogados.com.br\/adv\/wp-content\/uploads\/2022\/07\/Design-sem-nome.png 500w, https:\/\/tcsadvogados.com.br\/adv\/wp-content\/uploads\/2022\/07\/Design-sem-nome-300x300.png 300w, https:\/\/tcsadvogados.com.br\/adv\/wp-content\/uploads\/2022\/07\/Design-sem-nome-150x150.png 150w\" sizes=\"auto, (max-width: 500px) 100vw, 500px\" \/><\/figure>\n<\/div><\/div>\n\n\n\n<div class=\"wp-block-column is-layout-flow wp-block-column-is-layout-flow\">\n<figure class=\"wp-block-image size-full\"><img loading=\"lazy\" decoding=\"async\" width=\"712\" height=\"461\" src=\"https:\/\/tcsadvogados.com.br\/adv\/wp-content\/uploads\/2022\/05\/WhatsApp-Image-2022-05-20-at-08.38.44.jpeg\" alt=\"\" class=\"wp-image-325\" srcset=\"https:\/\/tcsadvogados.com.br\/adv\/wp-content\/uploads\/2022\/05\/WhatsApp-Image-2022-05-20-at-08.38.44.jpeg 712w, https:\/\/tcsadvogados.com.br\/adv\/wp-content\/uploads\/2022\/05\/WhatsApp-Image-2022-05-20-at-08.38.44-300x194.jpeg 300w\" sizes=\"auto, (max-width: 712px) 100vw, 712px\" \/><figcaption class=\"wp-element-caption\"><strong>Dr. Waldemar<\/strong> <strong>Chinen<\/strong> no centro&nbsp;e <strong>Dr. Jo\u00e3o A. S. Filho<\/strong> a direita.<\/figcaption><\/figure>\n<\/div>\n<\/div>\n<\/div>\n<\/div>\n\n\n\n<div class=\"wp-block-group\"><div class=\"wp-block-group__inner-container is-layout-flow wp-block-group-is-layout-flow\"><\/div><\/div>\n","protected":false},"excerpt":{"rendered":"<p>O Escrit\u00f3rio TCS Advogados, fundado em 2007, \u00e0 \u00e9poca, pelos advogados Dr. Jo\u00e3o A. S. Filho, Dr. \u00cannio&nbsp;Thomas&nbsp;e Dr. Jos\u00e9 Roberto de Carvalho, atua nas mais diversas \u00e1reas do direito, especialmente, nas \u00e1reas: Previdenci\u00e1ria, Familia, Sa\u00fade, Trabalhista, Tr\u00e2nsito, Imobili\u00e1ria, Consumidor etc., h\u00e1 mais de 17&nbsp; ANOS.&nbsp;&nbsp;&nbsp;&nbsp; Localizado na Vila Mariana, bairro tradicional da cidade de [&hellip;]<\/p>\n","protected":false},"author":1,"featured_media":58,"parent":0,"menu_order":0,"comment_status":"closed","ping_status":"open","template":"fullwidth.php","meta":{"_joinchat":[],"footnotes":""},"class_list":["post-2","page","type-page","status-publish","has-post-thumbnail","hentry"],"_links":{"self":[{"href":"https:\/\/tcsadvogados.com.br\/adv\/wp-json\/wp\/v2\/pages\/2","targetHints":{"allow":["GET"]}}],"collection":[{"href":"https:\/\/tcsadvogados.com.br\/adv\/wp-json\/wp\/v2\/pages"}],"about":[{"href":"https:\/\/tcsadvogados.com.br\/adv\/wp-json\/wp\/v2\/types\/page"}],"author":[{"embeddable":true,"href":"https:\/\/tcsadvogados.com.br\/adv\/wp-json\/wp\/v2\/users\/1"}],"replies":[{"embeddable":true,"href":"https:\/\/tcsadvogados.com.br\/adv\/wp-json\/wp\/v2\/comments?post=2"}],"version-history":[{"count":44,"href":"https:\/\/tcsadvogados.com.br\/adv\/wp-json\/wp\/v2\/pages\/2\/revisions"}],"predecessor-version":[{"id":757,"href":"https:\/\/tcsadvogados.com.br\/adv\/wp-json\/wp\/v2\/pages\/2\/revisions\/757"}],"wp:featuredmedia":[{"embeddable":true,"href":"https:\/\/tcsadvogados.com.br\/adv\/wp-json\/wp\/v2\/media\/58"}],"wp:attachment":[{"href":"https:\/\/tcsadvogados.com.br\/adv\/wp-json\/wp\/v2\/media?parent=2"}],"curies":[{"name":"wp","href":"https:\/\/api.w.org\/{rel}","templated":true}]}}